{"id":82,"date":"2018-01-07T17:38:01","date_gmt":"2018-01-07T16:38:01","guid":{"rendered":"https:\/\/www.virtualberater.com\/?page_id=82"},"modified":"2022-06-21T12:22:57","modified_gmt":"2022-06-21T10:22:57","slug":"schulung","status":"publish","type":"page","link":"https:\/\/www.virtualberater.com\/index.php\/schulung\/","title":{"rendered":"Schulung"},"content":{"rendered":"<p>Schulung und Training ist de facto die Inspiration f\u00fcr diesen Blog. Da ich in den, von mir durchgef\u00fchrten Schulungen und Seminaren immer wieder darauf angesprochen werde, wo kann ich das nochmals nachlesen, habe ich mich entschlossen diesen Blog aufzumachen.<\/p>\n<p><!--more-->Folgende Schulungen werden von mir regelm\u00e4\u00dfig als Dozent bzw. Tutor durchgef\u00fchrt:<\/p>\n<ul>\n<li>Java Grundlagen mit generelle Syntax, Basics zur OOP, wichtige Klassen und API<\/li>\n<li>Java Aufbau mit Grundlagen zu SWING, Datenbanken mit jdbc<\/li>\n<li>Java Web Grundlagen mit Java Server Pages,Java Beans, Servlets, Listener, Filter<\/li>\n<li>Java Web Erweitert mit Taghandler, Container Managed Security, Java Server Faces<\/li>\n<li>Java Business Grundlagen mit Enterprise Java Beans, JNDI<\/li>\n<li>Java Business Aufbau mit Messsage Driven Beans, JMS, Java Persistenz API<\/li>\n<\/ul>\n","protected":false},"excerpt":{"rendered":"<p>Schulung und Training ist de facto die Inspiration f\u00fcr diesen Blog. Da ich in den, von mir durchgef\u00fchrten Schulungen und Seminaren immer wieder darauf angesprochen werde, wo kann ich das nochmals nachlesen, habe ich mich entschlossen diesen Blog aufzumachen.<\/p>\n","protected":false},"author":1,"featured_media":0,"parent":0,"menu_order":0,"comment_status":"closed","ping_status":"closed","template":"","meta":{"footnotes":""},"class_list":["post-82","page","type-page","status-publish","hentry"],"yoast_head":"<!-- This site is optimized with the Yoast SEO plugin v25.8 - https:\/\/yoast.com\/wordpress\/plugins\/seo\/ -->\n<title>Schulung - Virtualberater<\/title>\n<meta name=\"robots\" content=\"index, follow, max-snippet:-1, max-image-preview:large, max-video-preview:-1\" \/>\n<link rel=\"canonical\" href=\"https:\/\/www.virtualberater.com\/index.php\/schulung\/\" \/>\n<meta property=\"og:locale\" content=\"de_DE\" \/>\n<meta property=\"og:type\" content=\"article\" \/>\n<meta property=\"og:title\" content=\"Schulung - Virtualberater\" \/>\n<meta property=\"og:description\" content=\"Schulung und Training ist de facto die Inspiration f\u00fcr diesen Blog. Da ich in den, von mir durchgef\u00fchrten Schulungen und Seminaren immer wieder darauf angesprochen werde, wo kann ich das nochmals nachlesen, habe ich mich entschlossen diesen Blog aufzumachen.\" \/>\n<meta property=\"og:url\" content=\"https:\/\/www.virtualberater.com\/index.php\/schulung\/\" \/>\n<meta property=\"og:site_name\" content=\"Virtualberater\" \/>\n<meta property=\"article:modified_time\" content=\"2022-06-21T10:22:57+00:00\" \/>\n<meta name=\"twitter:card\" content=\"summary_large_image\" \/>\n<meta name=\"twitter:label1\" content=\"Gesch\u00e4tzte Lesezeit\" \/>\n\t<meta name=\"twitter:data1\" content=\"1\u00a0Minute\" \/>\n<script type=\"application\/ld+json\" class=\"yoast-schema-graph\">{\"@context\":\"https:\/\/schema.org\",\"@graph\":[{\"@type\":\"WebPage\",\"@id\":\"https:\/\/www.virtualberater.com\/index.php\/schulung\/\",\"url\":\"https:\/\/www.virtualberater.com\/index.php\/schulung\/\",\"name\":\"Schulung - Virtualberater\",\"isPartOf\":{\"@id\":\"https:\/\/www.virtualberater.com\/#website\"},\"datePublished\":\"2018-01-07T16:38:01+00:00\",\"dateModified\":\"2022-06-21T10:22:57+00:00\",\"breadcrumb\":{\"@id\":\"https:\/\/www.virtualberater.com\/index.php\/schulung\/#breadcrumb\"},\"inLanguage\":\"de\",\"potentialAction\":[{\"@type\":\"ReadAction\",\"target\":[\"https:\/\/www.virtualberater.com\/index.php\/schulung\/\"]}]},{\"@type\":\"BreadcrumbList\",\"@id\":\"https:\/\/www.virtualberater.com\/index.php\/schulung\/#breadcrumb\",\"itemListElement\":[{\"@type\":\"ListItem\",\"position\":1,\"name\":\"Startseite\",\"item\":\"https:\/\/www.virtualberater.com\/\"},{\"@type\":\"ListItem\",\"position\":2,\"name\":\"Schulung\"}]},{\"@type\":\"WebSite\",\"@id\":\"https:\/\/www.virtualberater.com\/#website\",\"url\":\"https:\/\/www.virtualberater.com\/\",\"name\":\"Virtualberater\",\"description\":\"Java und mehr\",\"publisher\":{\"@id\":\"https:\/\/www.virtualberater.com\/#\/schema\/person\/c70d622c592ff122093a39649b040609\"},\"alternateName\":\"Java Entwicklung, Microframeworks und Cloud-Native Solutions\",\"potentialAction\":[{\"@type\":\"SearchAction\",\"target\":{\"@type\":\"EntryPoint\",\"urlTemplate\":\"https:\/\/www.virtualberater.com\/?s={search_term_string}\"},\"query-input\":{\"@type\":\"PropertyValueSpecification\",\"valueRequired\":true,\"valueName\":\"search_term_string\"}}],\"inLanguage\":\"de\"},{\"@type\":[\"Person\",\"Organization\"],\"@id\":\"https:\/\/www.virtualberater.com\/#\/schema\/person\/c70d622c592ff122093a39649b040609\",\"name\":\"Franz-Martin\",\"image\":{\"@type\":\"ImageObject\",\"inLanguage\":\"de\",\"@id\":\"https:\/\/www.virtualberater.com\/#\/schema\/person\/image\/\",\"url\":\"https:\/\/secure.gravatar.com\/avatar\/383ead0152e9bb024087006ad8dbfa33de9e321b670411b3370ad907f770a666?s=96&d=mm&r=g\",\"contentUrl\":\"https:\/\/secure.gravatar.com\/avatar\/383ead0152e9bb024087006ad8dbfa33de9e321b670411b3370ad907f770a666?s=96&d=mm&r=g\",\"caption\":\"Franz-Martin\"},\"logo\":{\"@id\":\"https:\/\/www.virtualberater.com\/#\/schema\/person\/image\/\"}}]}<\/script>\n<!-- \/ Yoast SEO plugin. -->","yoast_head_json":{"title":"Schulung - Virtualberater","robots":{"index":"index","follow":"follow","max-snippet":"max-snippet:-1","max-image-preview":"max-image-preview:large","max-video-preview":"max-video-preview:-1"},"canonical":"https:\/\/www.virtualberater.com\/index.php\/schulung\/","og_locale":"de_DE","og_type":"article","og_title":"Schulung - Virtualberater","og_description":"Schulung und Training ist de facto die Inspiration f\u00fcr diesen Blog. Da ich in den, von mir durchgef\u00fchrten Schulungen und Seminaren immer wieder darauf angesprochen werde, wo kann ich das nochmals nachlesen, habe ich mich entschlossen diesen Blog aufzumachen.","og_url":"https:\/\/www.virtualberater.com\/index.php\/schulung\/","og_site_name":"Virtualberater","article_modified_time":"2022-06-21T10:22:57+00:00","twitter_card":"summary_large_image","twitter_misc":{"Gesch\u00e4tzte Lesezeit":"1\u00a0Minute"},"schema":{"@context":"https:\/\/schema.org","@graph":[{"@type":"WebPage","@id":"https:\/\/www.virtualberater.com\/index.php\/schulung\/","url":"https:\/\/www.virtualberater.com\/index.php\/schulung\/","name":"Schulung - Virtualberater","isPartOf":{"@id":"https:\/\/www.virtualberater.com\/#website"},"datePublished":"2018-01-07T16:38:01+00:00","dateModified":"2022-06-21T10:22:57+00:00","breadcrumb":{"@id":"https:\/\/www.virtualberater.com\/index.php\/schulung\/#breadcrumb"},"inLanguage":"de","potentialAction":[{"@type":"ReadAction","target":["https:\/\/www.virtualberater.com\/index.php\/schulung\/"]}]},{"@type":"BreadcrumbList","@id":"https:\/\/www.virtualberater.com\/index.php\/schulung\/#breadcrumb","itemListElement":[{"@type":"ListItem","position":1,"name":"Startseite","item":"https:\/\/www.virtualberater.com\/"},{"@type":"ListItem","position":2,"name":"Schulung"}]},{"@type":"WebSite","@id":"https:\/\/www.virtualberater.com\/#website","url":"https:\/\/www.virtualberater.com\/","name":"Virtualberater","description":"Java und mehr","publisher":{"@id":"https:\/\/www.virtualberater.com\/#\/schema\/person\/c70d622c592ff122093a39649b040609"},"alternateName":"Java Entwicklung, Microframeworks und Cloud-Native Solutions","potentialAction":[{"@type":"SearchAction","target":{"@type":"EntryPoint","urlTemplate":"https:\/\/www.virtualberater.com\/?s={search_term_string}"},"query-input":{"@type":"PropertyValueSpecification","valueRequired":true,"valueName":"search_term_string"}}],"inLanguage":"de"},{"@type":["Person","Organization"],"@id":"https:\/\/www.virtualberater.com\/#\/schema\/person\/c70d622c592ff122093a39649b040609","name":"Franz-Martin","image":{"@type":"ImageObject","inLanguage":"de","@id":"https:\/\/www.virtualberater.com\/#\/schema\/person\/image\/","url":"https:\/\/secure.gravatar.com\/avatar\/383ead0152e9bb024087006ad8dbfa33de9e321b670411b3370ad907f770a666?s=96&d=mm&r=g","contentUrl":"https:\/\/secure.gravatar.com\/avatar\/383ead0152e9bb024087006ad8dbfa33de9e321b670411b3370ad907f770a666?s=96&d=mm&r=g","caption":"Franz-Martin"},"logo":{"@id":"https:\/\/www.virtualberater.com\/#\/schema\/person\/image\/"}}]}},"_links":{"self":[{"href":"https:\/\/www.virtualberater.com\/index.php\/wp-json\/wp\/v2\/pages\/82","targetHints":{"allow":["GET"]}}],"collection":[{"href":"https:\/\/www.virtualberater.com\/index.php\/wp-json\/wp\/v2\/pages"}],"about":[{"href":"https:\/\/www.virtualberater.com\/index.php\/wp-json\/wp\/v2\/types\/page"}],"author":[{"embeddable":true,"href":"https:\/\/www.virtualberater.com\/index.php\/wp-json\/wp\/v2\/users\/1"}],"replies":[{"embeddable":true,"href":"https:\/\/www.virtualberater.com\/index.php\/wp-json\/wp\/v2\/comments?post=82"}],"version-history":[{"count":5,"href":"https:\/\/www.virtualberater.com\/index.php\/wp-json\/wp\/v2\/pages\/82\/revisions"}],"predecessor-version":[{"id":981,"href":"https:\/\/www.virtualberater.com\/index.php\/wp-json\/wp\/v2\/pages\/82\/revisions\/981"}],"wp:attachment":[{"href":"https:\/\/www.virtualberater.com\/index.php\/wp-json\/wp\/v2\/media?parent=82"}],"curies":[{"name":"wp","href":"https:\/\/api.w.org\/{rel}","templated":true}]}}